{"id":12,"date":"2016-01-21T14:02:12","date_gmt":"2016-01-21T13:02:12","guid":{"rendered":"http:\/\/www.icrei.fr\/en\/?page_id=12"},"modified":"2016-05-19T06:35:15","modified_gmt":"2016-05-19T05:35:15","slug":"about_us","status":"publish","type":"page","link":"https:\/\/www.icrei.fr\/en\/about_us\/","title":{"rendered":"About us"},"content":{"rendered":"<p><strong>ICREI at glance<\/strong><\/p>\n<p><a href=\"http:\/\/www.icrei.fr\/wp-content\/uploads\/2015\/11\/008_Travel_3200x2125_all-free-download.com_-e1448147462132.jpg\"><img loading=\"lazy\" decoding=\"async\" class=\"alignright wp-image-379 size-medium\" src=\"http:\/\/www.icrei.fr\/wp-content\/uploads\/2015\/11\/008_Travel_3200x2125_all-free-download.com_-300x199.jpg\" alt=\"008_Travel_3200x2125_all-free-download.com\" width=\"300\" height=\"199\" \/><\/a> The <strong>The International Center for Research on Environmental Issues<\/strong> (<strong>ICREI <\/strong>pour<strong>\u00a0<\/strong><em>l&#8217;International Center for Research on Environmental Issues)<\/em>\u00a0 was set up in Paris (1992) under the leadership of Alain Madelin and Henri Lepage by a group of French economists and lawyers who, in conjunction with foreign colleagues, aimed to spread publications and conduct research on new resource economics i.e. using property rights and market transactions, assessing the net impact of social regulations, using the principle of responsibility and promoting institutional arrangements for a free society. Accordingly, several meetings were set up in the premises of Assembl\u00e9e Nationale from 1992 to 1995 inviting top speakers to discuss the pros and cons of such an approach. Most conferences have been recorded and transcripts are available.<\/p>\n<div class=\"su-spoiler su-spoiler-style-fancy su-spoiler-icon-chevron su-spoiler-closed\" data-scroll-offset=\"0\" data-anchor-in-url=\"no\"><div class=\"su-spoiler-title\" tabindex=\"0\" role=\"button\"><span class=\"su-spoiler-icon\"><\/span> ICREI at glance - Our Brochure<\/div><div class=\"su-spoiler-content su-u-clearfix su-u-trim\">\n<div class=\"su-document su-u-responsive-media-yes\"><iframe loading=\"lazy\" src=\"\/\/docs.google.com\/viewer?embedded=true&url=http:\/\/www.icrei.fr\/en\/wp-content\/uploads\/sites\/2\/2016\/01\/Depliant-anglais-sept-2014_1.pdf\" width=\"880\" height=\"400\" class=\"su-document\" title=\"\"><\/iframe><\/div>\n<p><a href=\"http:\/\/www.icrei.fr\/en\/wp-content\/uploads\/sites\/2\/2016\/01\/Depliant-anglais-sept-2014_1.pdf\" target=\"_blank\">Download our latest brochure<\/a><\/p>\n<\/div><\/div>\n<div id=\"attachment_382\" style=\"width: 310px\" class=\"wp-caption alignleft\"><a href=\"http:\/\/www.icrei.fr\/wp-content\/uploads\/2015\/11\/8620816597_93c9e2a973.jpg\"><img loading=\"lazy\" decoding=\"async\" aria-describedby=\"caption-attachment-382\" class=\"wp-image-382 size-medium\" title=\"Guy Molle - La fontaine des 4 dauphins - Aix-en-Provence - France\" src=\"http:\/\/www.icrei.fr\/wp-content\/uploads\/2015\/11\/8620816597_93c9e2a973-300x244.jpg\" alt=\"Guy Molle - La fontaine des 4 dauphins - Aix-en-Provence - France\" width=\"300\" height=\"244\" \/><\/a><p id=\"caption-attachment-382\" class=\"wp-caption-text\">Guy Molle &#8211; La fontaine des 4 dauphins &#8211; Aix-en-Provence &#8211; France<\/p><\/div>\n<p>In 1996, under the chairmanship of Alain Madelin and Michel Massenet, Conseiller d\u2019Etat, Dean Jean-Pierre Centi at the University Paul C\u00e9zanne (Aix en Provence) and Max Falque, International Consultant and Deputy manager of ICREI, it was decided to organize every two years an international conference dealing with each environmental resource with the perspective of non-regulatory tools i.e. property rights and markets. In 1996, the conference discussed <strong>general concepts and ethics<\/strong> ; in 1998, it dealt with <strong>Water<\/strong> ; in 2000 the theme was <strong>Marine Resources<\/strong>, in 2002, <strong>Coastal Zone<\/strong> , in 2004 <strong>Wastes<\/strong>, in 2006 <strong>Land Resources,\u00a0<\/strong>in 2008 <strong>Climate change and air pollution<\/strong>, in 2010<strong> Biodiversity <\/strong>and in 2012<strong> Agriculture and Forestry.<\/strong><\/p>\n<p>&nbsp;<\/p>\n<p>&nbsp;<\/p>\n<p><strong>Responsables et organisateurs<\/strong><\/p>\n<div class=\"su-custom-gallery su-custom-gallery-align-left su-custom-gallery-title-always\"><div class=\"su-custom-gallery-slide\" style=\"width:100px;height:130px\"><a><img loading=\"lazy\" decoding=\"async\" src=\"https:\/\/www.icrei.fr\/en\/wp-content\/uploads\/sites\/2\/2016\/01\/yandle.jpg\" alt=\"B. Yandle\" width=\"100\" height=\"130\" \/><span class=\"su-custom-gallery-title\">B. Yandle<\/span><\/a><\/div><div class=\"su-custom-gallery-slide\" style=\"width:100px;height:130px\"><a><img loading=\"lazy\" decoding=\"async\" src=\"https:\/\/www.icrei.fr\/en\/wp-content\/uploads\/sites\/2\/2016\/01\/stoffaes.gif\" alt=\"C. Stoffaes\" width=\"100\" height=\"130\" \/><span class=\"su-custom-gallery-title\">C. Stoffaes<\/span><\/a><\/div><div class=\"su-custom-gallery-slide\" style=\"width:100px;height:130px\"><a><img loading=\"lazy\" decoding=\"async\" src=\"https:\/\/www.icrei.fr\/en\/wp-content\/uploads\/sites\/2\/2016\/01\/saglio.jpg\" alt=\"J-F. Saglio\" width=\"100\" height=\"130\" \/><span class=\"su-custom-gallery-title\">J-F. Saglio<\/span><\/a><\/div><div class=\"su-custom-gallery-slide\" style=\"width:100px;height:130px\"><a><img loading=\"lazy\" decoding=\"async\" src=\"https:\/\/www.icrei.fr\/en\/wp-content\/uploads\/sites\/2\/2016\/01\/maitre.jpg\" alt=\"P. Ma\u00eetre\" width=\"100\" height=\"130\" \/><span class=\"su-custom-gallery-title\">P. Ma\u00eetre<\/span><\/a><\/div><div class=\"su-custom-gallery-slide\" style=\"width:100px;height:130px\"><a><img loading=\"lazy\" decoding=\"async\" src=\"https:\/\/www.icrei.fr\/en\/wp-content\/uploads\/sites\/2\/2016\/01\/fiorucci.jpg\" alt=\"S. Fiorucci\" width=\"100\" height=\"130\" \/><span class=\"su-custom-gallery-title\">S. Fiorucci<\/span><\/a><\/div><div class=\"su-custom-gallery-slide\" style=\"width:100px;height:130px\"><a><img loading=\"lazy\" decoding=\"async\" src=\"https:\/\/www.icrei.fr\/en\/wp-content\/uploads\/sites\/2\/2016\/01\/lamotte.jpg\" alt=\"H. Lamotte\" width=\"100\" height=\"130\" \/><span class=\"su-custom-gallery-title\">H. Lamotte<\/span><\/a><\/div><div class=\"su-custom-gallery-slide\" style=\"width:100px;height:130px\"><a><img loading=\"lazy\" decoding=\"async\" src=\"https:\/\/www.icrei.fr\/en\/wp-content\/uploads\/sites\/2\/2016\/01\/falque.jpg\" alt=\"M. Falque\" width=\"100\" height=\"130\" \/><span class=\"su-custom-gallery-title\">M. Falque<\/span><\/a><\/div><div class=\"su-custom-gallery-slide\" style=\"width:100px;height:130px\"><a><img loading=\"lazy\" decoding=\"async\" src=\"https:\/\/www.icrei.fr\/en\/wp-content\/uploads\/sites\/2\/2016\/01\/dealessi.jpg\" alt=\"M. de Alessi\" width=\"100\" height=\"130\" \/><span class=\"su-custom-gallery-title\">M. de Alessi<\/span><\/a><\/div><div class=\"su-custom-gallery-slide\" style=\"width:100px;height:130px\"><a><img loading=\"lazy\" decoding=\"async\" src=\"https:\/\/www.icrei.fr\/en\/wp-content\/uploads\/sites\/2\/2016\/01\/EM.jpg\" alt=\"E. Martin\" width=\"100\" height=\"130\" \/><span class=\"su-custom-gallery-title\">E. Martin<\/span><\/a><\/div><div class=\"su-custom-gallery-slide\" style=\"width:100px;height:130px\"><a><img loading=\"lazy\" decoding=\"async\" src=\"https:\/\/www.icrei.fr\/en\/wp-content\/uploads\/sites\/2\/2016\/01\/brun.jpg\" alt=\"V. Brun\" width=\"100\" height=\"130\" \/><span class=\"su-custom-gallery-title\">V. Brun<\/span><\/a><\/div><div class=\"su-custom-gallery-slide\" style=\"width:100px;height:130px\"><a><img loading=\"lazy\" decoding=\"async\" src=\"https:\/\/www.icrei.fr\/en\/wp-content\/uploads\/sites\/2\/2016\/01\/centi.jpg\" alt=\"centi\" width=\"100\" height=\"130\" \/><span class=\"su-custom-gallery-title\">centi<\/span><\/a><\/div><div class=\"su-clear\"><\/div><\/div>\n<div class=\"su-spoiler su-spoiler-style-fancy su-spoiler-icon-chevron su-spoiler-closed\" data-scroll-offset=\"0\" data-anchor-in-url=\"no\"><div class=\"su-spoiler-title\" tabindex=\"0\" role=\"button\"><span class=\"su-spoiler-icon\"><\/span>Members of the board<\/div><div class=\"su-spoiler-content su-u-clearfix su-u-trim\">\n<p>Alain Revel, Ing\u00e9nieur G\u00e9n\u00e9ral honoraire du GREF<br \/>\nAnnie Charlez, Office national de la Chasse et de la Faune Sauvage<br \/>\nAnn-Louise Strong , Professeur honoraire, University of Pennsylvania<br \/>\nBarbara Pozzo, Professeur de Droit Compar\u00e9, Universit\u00e9 de Milan<br \/>\nBaudouin Bouckaert, Doyen de la Facult\u00e9 de Droit de Gand<br \/>\nBernard Courtois, Pr\u00e9fet honoraire, tr\u00e9sorier des Ing\u00e9nieurs de l\u2019Agro<br \/>\nBruce Yandle, Doyen honoraire de Clemson University (Etats-Unis)<br \/>\nCarlo Stagnaro, Directeur Environnement \u00e0 l\u2019Istituto Bruno Leoni (Turin)<br \/>\nDominique Garrigues, Pr\u00e9sident IEGRE (Paris)<br \/>\nEjan Mackaay, Professeur de Droit, Universit\u00e9 de Montr\u00e9al<br \/>\nElizabeth Brubaker, Directrice de Probe Canada (Toronto)<br \/>\nFran\u00e7ois Facchini, Ma\u00eetre de Conf\u00e9rence, Universit\u00e9 Paris 1<br \/>\nGuillaune Sainteny, Professeur \u00e0 Sciences-Po<br \/>\nHannes Gissurarson, Professeur \u00e0 l\u2019Universit\u00e9 de Reyjawick (Islande)<br \/>\nHenri Lepage, D\u00e9l\u00e9gu\u00e9 G\u00e9n\u00e9ral de l\u2019Institut Turgot<br \/>\nJean-Fran\u00e7ois Saglio, Pr\u00e9sident Airparif<br \/>\nJean-Luc Migu\u00e9, Professeur \u00e0 l\u2019ENAP, Qu\u00e9bec<br \/>\nJean-Philippe Feldman, Avocat et Professeur de Droit (Paris)<br \/>\nJean-Philippe Vincent, Administrateur Civil, Minist\u00e8re de l\u2019Economie et des Finances<br \/>\nJean-Pierre Chamoux, Professeur Universit\u00e9 Paris-Descartes<br \/>\nMichel Kelly-Gagnon, Directeur de l\u2019Institut Economique de Montr\u00e9al<br \/>\nOlivier Piron, Conseil G\u00e9n\u00e9ral de l\u2019Environnement et du D\u00e9veloppement durable<br \/>\nPatrick Simon, Soci\u00e9t\u00e9 d\u2019Avocats Villeneau, Rohart,Simon (Paris)<br \/>\nPhilippe Billet, Pr\u00e9sident de la Soci\u00e9t\u00e9 Fran\u00e7aise pour le Droit de l\u2019Environnement<br \/>\nPierre Desrochers, Professeur \u00e0 l\u2019Universit\u00e9 de Toronto<br \/>\nRoger Bate, Fellow at American Enterprise Institute (Washington)<br \/>\nThierry de l&#8217;Escaille, Secr\u00e9taire G\u00e9n\u00e9ral de European Landowners Organisation (Bruxelles)<br \/>\nThierry Lavoux, Conseil G\u00e9n\u00e9ral de l\u2019Environnement et du D\u00e9veloppement durable<br \/>\nVincent B\u00e9nard, Pr\u00e9sident Institut Hayek-France<\/p>\n<\/div><\/div>\n<div class=\"su-spoiler su-spoiler-style-fancy su-spoiler-icon-chevron su-spoiler-closed\" data-scroll-offset=\"0\" data-anchor-in-url=\"no\"><div class=\"su-spoiler-title\" tabindex=\"0\" role=\"button\"><span class=\"su-spoiler-icon\"><\/span>Representatives<\/div><div class=\"su-spoiler-content su-u-clearfix su-u-trim\">\nPr\u00e9sidents d&#8217;honneur:<br \/>\nMichel MASSENET Conseiller d&#8217;Etat, et Alain MADELIN, ancien Ministre<\/p>\n<p>Pr\u00e9sident:<br \/>\nChristian STOFFAES, Ing\u00e9nieur G\u00e9n\u00e9ral des Mines, Pr\u00e9sident du CEPII<\/p>\n<p>Vice Pr\u00e9sident et tr\u00e9sorier:<br \/>\nHenri LAMOTTE, Administrateur Civil, Professeur \u00e0 Sciences-Po<\/p>\n<p>Secr\u00e9taire G\u00e9n\u00e9ral:<br \/>\nDoyen Jean-Pierre CENTI, Universit\u00e9 Paul C\u00e9zanne Aix en Provence<\/p>\n<p>D\u00e9l\u00e9gu\u00e9 G\u00e9n\u00e9ral:<br \/>\nMax Falque, Consultant International en Politique Environnementale<\/p>\n<p>D\u00e9l\u00e9gu\u00e9s G\u00e9n\u00e9raux adjoints:<br \/>\nSophie Fiorucci, Val\u00e9rie Brun, Emmanuel Martin, Docteurs Science Economique<br \/>\n<\/div><\/div>\n<p><strong>Funding<\/strong><\/p>\n<p>Diversified private and public funding is a guarantee for intellectual freedom and free speech.<br \/>\nEach conference requires a specific biannual budget of some $ 250 000 in order to set up and implement the conference and publish the proceedings<\/p>\n<div class=\"su-spoiler su-spoiler-style-fancy su-spoiler-icon-chevron su-spoiler-closed\" data-scroll-offset=\"0\" data-anchor-in-url=\"no\"><div class=\"su-spoiler-title\" tabindex=\"0\" role=\"button\"><span class=\"su-spoiler-icon\"><\/span>Institutions (*: Supporting Institutions)<\/div><div class=\"su-spoiler-content su-u-clearfix su-u-trim\">\nADEF-Etudes Fon\u00e7i\u00e8res<br \/>\nADEME* Agence de l&#8217;Eau Rh\u00f4ne-M\u00e9diterran\u00e9e-Corse*<br \/>\nAgence Internationale pour l\u2019Energie<br \/>\nAgence Nationale Gestion D\u00e9chets Radioactifs*<br \/>\nAmerican Enterprise Institute-AEI*<br \/>\nAssembl\u00e9e Permanente des Chambres d&#8217;Agriculture-APCA<br \/>\nAssociation des Maires de France<br \/>\nAssociation des Petites Iles de France<br \/>\nAssociation Fran\u00e7aise de l\u2019Assurance*<br \/>\nBlueNext*<br \/>\nAssociation G\u00e9n\u00e9rale des Producteurs de Ma\u00efs*<br \/>\nCabinet d\u2019Avocats Boitel<br \/>\nCabinet d\u2019Avocats Peignot<br \/>\nCaisse des D\u00e9p\u00f4ts et Consignation*<br \/>\nCEMAGREF<br \/>\nCEMARE (Portsmouth)<br \/>\nCenter for Policy and Legal Studies -Clemson University<br \/>\nCenter for Private Conservation<br \/>\nCentre de Droit et d&#8217;Economie de la Mer-CEDEM<br \/>\nChambre R\u00e9gionale d&#8217;Agriculture Provence C\u00f4te d&#8217;Azur*<br \/>\nChasseurs de France*<br \/>\nCIRAD*<br \/>\nCNRS<br \/>\nCommissariat \u00e0 l&#8217;Energie Atomique<br \/>\nCommission Europ\u00e9enne*<br \/>\nCommission Interminist\u00e9rielle d&#8217;Ichtyologie de Russie<br \/>\nCommunaut\u00e9 du Pays d&#8217;Aix et Ville d&#8217;Aix en Provence*<br \/>\nCompetitive Enterprise Institute-CEI<br \/>\nComplete Fisheries Management-Australia<br \/>\nConseil de l&#8217;Europe<br \/>\nConseil G\u00e9n\u00e9ral des Bouches du Rh\u00f4ne*<br \/>\nConseil G\u00e9n\u00e9ral du Vaucluse<br \/>\nConseil R\u00e9gional Provence Alpes C\u00f4te d&#8217;Azur*<br \/>\nConseil Sup\u00e9rieur de la P\u00eache*<br \/>\nConservation Service Company (Australie)<br \/>\nConservatoire du Littoral et des Rivages Lacustres<br \/>\nCoopers and Lybrand -Belgique<br \/>\nCountry Land and Business Association (UK)<br \/>\nDeutchsche Bank*<br \/>\nDIACT-DATAR*<br \/>\nDuales System Deutschland<br \/>\nEau et Rivi\u00e8res de Bretagne<br \/>\nEcologie Bleue<br \/>\nElectricit\u00e9 de France*<br \/>\nEnergie Intelligence Entreprise pour l&#8217;Environnement*<br \/>\nEnvironment Probe Canada<br \/>\nEuromed-Ecole de Management<br \/>\nEuropean Landowners Organization*<br \/>\nFAO<br \/>\nF\u00e9d\u00e9ration des Agriculteurs Su\u00e9dois<br \/>\nF\u00e9d\u00e9ration des Automobiles Club de France<br \/>\nF\u00e9d\u00e9ration Nationale de la Propri\u00e9t\u00e9 Priv\u00e9e Rurale *<br \/>\nFinnish Environment Institute<br \/>\nFondation Nicolas Hulot<br \/>\nForestiers Priv\u00e9s de France*<br \/>\nForesttour France<br \/>\nNature Environnement France Action Locale<br \/>\nFree Foundation*<br \/>\nFriends of the Countryside<br \/>\nFundacion para el Analisis y los Estudios Sociales (FAES Madrid)<br \/>\nGaz de France*<br \/>\nHayek Institute<br \/>\nH\u00e9ritage et Progr\u00e8s<br \/>\nHighTech Environnement<br \/>\nIFREMER*<br \/>\nINRA<br \/>\nInstitut d\u2019Etudes Politiques d\u2019Aix en Provence<br \/>\nInstitut de Recherche pour le D\u00e9veloppement-IRD<br \/>\nInstitut du D\u00e9veloppement Durable et des Relations Internationales-IDDRI<br \/>\nInstitut de Strat\u00e9gie Patrimoniale-INA-PG<br \/>\nInstitut Economique de Montr\u00e9al*<br \/>\nInstitute for Economic Affairs-IEA<br \/>\nInternational Association for the Study of Common Property<br \/>\nInternational Policy Network<br \/>\nIstituto Bruno Leoni*<br \/>\nIUCN\/UICN<br \/>\nJM Sloan Company<br \/>\nLaboratoire d&#8217;Anthropologie Juridique-Sorbonne<br \/>\nLaboratoire d\u2019Econom\u00e9trie de l\u2019Ecole Polytechnique<br \/>\nLand Trust Alliance<br \/>\nLiberty Institute India<br \/>\nLincoln Institute of Land Policy*<br \/>\nLyonnaise des Eaux*<br \/>\nMaison de la Chasse et de la Nature*<br \/>\nMax Planck Institute for Research on Collective Goods<br \/>\nMinist\u00e8re de la Culture*<br \/>\nMinist\u00e8re de l&#8217;Agriculture et de la P\u00eache*<br \/>\nMinist\u00e8re de l&#8217;Ecologie et du D\u00e9veloppement Durable*<br \/>\nMinist\u00e8re de l&#8217;Economie et des Finances<br \/>\nMinist\u00e8re de l&#8217;Education Nationale*<br \/>\nMinist\u00e8re des Affaires Etrang\u00e8res<br \/>\nM\u00fcnchen Re Nanging Agricultural University (China)<br \/>\nNational Trust for England and Wales<br \/>\nOCDE \/ OECD<br \/>\nOffice de la Mer de Marseille*<br \/>\nOffice National de la Chasse et de la Faune sauvage*<br \/>\nOrdre des G\u00e9om\u00e8tres Experts<br \/>\nParc Marin de la C\u00f4te Bleue.<br \/>\nPME France<br \/>\nProperty and Environment Research Center (USA)<br \/>\nRecy\u2019\u2019stem<br \/>\nReason Public Policy Institute, (USA)<br \/>\nRegierung Pr\u00e4sidium Bade W\u00fcrtemberg<br \/>\nR\u00e9seau de Transport d&#8217;Electricit\u00e9-RTE*<br \/>\nRivages de France<br \/>\nRotary International (District 1760)*<br \/>\nSalins du Midi*<br \/>\nScience and Environment Policy Project<br \/>\nSea Rights Investment -New Zealand<br \/>\nSoci\u00e9t\u00e9 des Agriculteurs de France-SAF<br \/>\nSoci\u00e9t\u00e9 d\u2019Avocat Peignot Garreau<br \/>\nSoci\u00e9t\u00e9 Fran\u00e7aise pour le Droit de l\u2019Environnement<br \/>\nTotal Fina *<br \/>\nUNESCO<br \/>\nUniversit\u00e9 Paul C\u00e9zanne*<br \/>\nUniversity of Wisconsin-Madison<br \/>\nUniversidad Valladolid<br \/>\nUniversit\u00e9 de Milan VEETRA*<br \/>\nVEOLIA Environnement*<br \/>\nVille de Marseille*<br \/>\nVirginia Conservation Credit Pool<br \/>\nWalter Eucken Institut<br \/>\nWaste Watch (UK).<br \/>\nWWF-Belgique<\/p>\n<\/div><\/div>\n<div class=\"su-spoiler su-spoiler-style-fancy su-spoiler-icon-chevron su-spoiler-closed\" data-scroll-offset=\"0\" data-anchor-in-url=\"no\"><div class=\"su-spoiler-title\" tabindex=\"0\" role=\"button\"><span class=\"su-spoiler-icon\"><\/span>Contributors at the Aix en Provence Conferences<\/div><div class=\"su-spoiler-content su-u-clearfix su-u-trim\">\nAlban F., Alterman R., Anderson T., Antoine P., Arnauduc J. P., Arnold O., Auvinen H., Avon M., Baden J., Bachet F., Ballu-Rousseau G., Balossier J., Barri\u00e8re O., Barbier R., Bate R., Baudry R., Bazin P., Beatty R., Beaurepaire E., Becker P., Benjamin K., Betge E., Bertolini G., Beltrame P., Benard V., Benest G., Benjamin D. K., Berge E., Biglione F., Billet Ph., Blomquist W., Blanchet D., Boissery, Boitel C;, Boisvert V.,Bonde F.,Bougeant P., Bourassa S., Bouyssou F., Braathern N. A., Bramoull\u00e9 G., Brehon N., Brun V., J.,Buclet N., Buckwell A., Buchner B., Budniock M.-A., Bueb J.-P., Cambers G., , Capmas A., Carbonell A., Caron A., Casas Pardo J., Catanzano J., Ceccaldi H. J., Cesar H., Chaigneau A., Chamoux J.-P., Cambers G., Casas-Pardo J., Charlez A., Chassy (de) C, Ch\u00e9ret Y., Ch\u00e9rot J.- Y., Chevtchenko V.., Chirouze J. P., Cl\u00e9ment D., Cole D., Collet S., Comby J., Cordell J., Corkindale J., Courant D., Cr\u00e9pieux D., Cros C., Cousens B., Cunningham S., Dalbin Ph., Davigo J., Daillant P., Davigo J., De Alessi M., Dehez G., Dejardin D., Dejean-Pons M., Delbosc A., Delogu O., Demandolx (de) J., Denys M., Deronzier P., D\u00e9sagher M.., Desrochers P., Destandeau F., Demouveaux J.-P., Dumashie D., Dumonteil G., Edwards R., Elisseeff V., Ellerman D., Elsen L., Escaille (de l&#8217;) T., Epstein R., Facchini F., Fages E., Falque M., Falque M-B., Fedrigo D., Fiore K., Fisher S., Forasetto M., Fussler C., Galey M., Garrigues D., Gaudin T., Gazzaniga J.L., G\u00e9rard B., G\u00e9rondeau C., Giraudel C., Gissurarson H., Glachant M., Grandjean A., Godard O., Green K., Greenwell E., Grossan C., Gu\u00e9vel B., Isner-Conci E., Jaeger L., Jallifer P., Jonckeere (de) S., Julienne C., Hagel Z., Halley B., Hartmann J., Hauet J.-P., Haumont F., Hocker J., Hocker Ph., Hodge I., Hostiou R., Howe C., Hugger H., Jacobs H.., Jaeger L., Jallifer P., Jones T., Jouventin P., Julienne C., Kinnaman T., Kosciusko-Morizet N., Kr\u00e4mer L., Kromarek P., Lacroix G., Lalonde B., Lamotte H., Langholz J., Largot J., Lavoillotte M. P., Lazzerini P., Le Bozec A., Lecat G., Leger M., Le Lourd Ph., Le Bars Y., L\u00e9gu\u00e9-Dupont P.,Leguet B., Lehmann M., Lepage C., Linet C.,Lepoder L., Le Roy E., Lescault J., Lewis M., Leynaud G., Longworth-Kraft J., Lopez E., Lundin C.., Leynaud G., Lidsky V.,Macchi A., McFarquhar A., Mah\u00e9 P., Macera B.-F., McCay B., Mah\u00e9 L.-P. Mairesse-Fiorucci S., , Ma\u00eetre Ph., Maljean-Dubois S., Marcu A., Markels M., Malafosse (de) J., Malaval P., Merville D., Marliave (de) L., Marteau S., Montgolfier (de) J., Maya-Ando G., Miran P., Mitra B., Monteillet S., Morin G. A., Morin A., Morris J., Mottet B., Mouly C.,M\u00fchling-Hofmann A., Nakagawa H., Nelson R., Nordenfalk J., Nordmann C., Noury D., Ollagnon H., Padovani A., P\u00e2ques M., Paravy J. C., Pary B., Paz O., Peignot B., Pelissard J., Pennez J., P\u00e9rignon S., Perron D., Peuri\u00e8res Y., Petit O., P\u00e9zennec D., Pickering H., Picou P., Piedno\u00ebl C., Peiser B., Pigasse J.-P., Pilate J.-M., Pirard R., Piron O., Pitron F., Piveteau V., Point P., Poiret J., Portugal L., Pozzo B., Prat J.-L., Prigent L., Prudhomme R., Puchades-Navarro M., Quoden J., Rauch E., Raufer R., R\u00e9bufat G., R\u00e9billard A., Remond-Gouilloud M., Reiter P., Renard V., Renner A., Revel A., Rey-Valette H., Richard V., Risser R., Riedmiller S., Rodary E., Ropars C., Roux P.-H., Ruffing K., Sainteny G., Saglio J.-F., Salles J.-M., Salmi P., Sandberg A., Sanz Rubial\u00e8s I., Savin C., Sayer M., Schiavetti H., Schmidt C.-C., Schricke V.,Schwartz S., Sebagh T., Segerfeldt F., Sicard M., Simard F., Simmonot Ph.., Simon G.,Simon P., Singer F., Sironneau J., Sloan J., Smallridge M., Smith F., Smith R. J., .Stagnaro C., Streck C., Strong A. L., Stroup R, Strosser P., Tchapmegni R., Tolman J., Trarnier B., Trapitzine R., Troadec J. P., Troost D., Truchet C., Truilh\u00e9-Marengo E., Ursault P., Valatin G., Vanderstricht C., Varjopuro R., Vaulx (de) M., Villand M., Woods A., YagiHirocki O., Yandle B., Yesou P., Xiaoping S. Zancanella R., Personnalit\u00e9s fran\u00e7aises et \u00e9trang\u00e8res qui sont intervenues lors de colloques ou s\u00e9minaires ICREI \u00e0 l\u2019Assembl\u00e9e Nationale (1992-1995) &#8211; BADEN John, Pr\u00e9sident de la Foundation for Research on Economics and the Environment (Seattle). &#8211; BOUCKAERT Baudoin, Professeur de droit \u00e0 l&#8217;Universit\u00e9 de Gand. &#8211; BRODAGH Christian, Conseiller R\u00e9gional Vert (Lyon). &#8211; BRONGNIART Philippe, PDG de la SITA, Lyonnaise des Eaux (Paris). &#8211; CHEROT Jean Yves, Professeur de droit public \u00e0 Aix-Marseille III. &#8211; DARRIEUTORT Jean Pierre, Conseiller au Tribunal Administratif de Dijon. &#8211; FALQUE Max, D\u00e9l\u00e9gu\u00e9 g\u00e9n\u00e9ral ICREI (Aix-en-Provence). &#8211; FUMENTO Michael, Journaliste scientifique (Washington). &#8211; HOCKER Jean, Pr\u00e9sidente de Land Trust Alliance (Washington). &#8211; HUGLO Christian et LEPAGE-JESSUA Corinne, Avocats, Cabinet Huglo-Lepage (Paris). &#8211; KOWAL Jean, Electricit\u00e9 de France &#8211; JEFFREYS Kent, Directeur de recherches au Competitive Enterprise Institute (Washington). &#8211; LAFONT Jean, Sous-Directeur, Minist\u00e8re de l&#8217;Environnement (Paris). &#8211; LAVOUX Thierry, Directeur de l&#8217;Institut Europ\u00e9en pour une Politique de l&#8217;Environnement (Paris). &#8211; LEISNER Walter, Professeur de droit public (Munich). &#8211; LEPAGE Henri, D\u00e9l\u00e9gu\u00e9 g\u00e9n\u00e9ral EURO 92 (Paris). &#8211; LEPAS Armand, Directeur de l&#8217;Environnement, CNPF (Paris). &#8211; LE ROY Etienne, Centre d&#8217;Anthropologie Juridique (Paris) &#8211; MADELIN Alain, ancien Ministre (Paris). &#8211; MIRAN Patrice, Conseiller r\u00e9gional Vert (Nice). &#8211; MOYNE-BRESSAND Alain, d\u00e9put\u00e9 (Is\u00e8re). &#8211; PECQUEUR Michel, Ancien Pr\u00e9sident Elf Aquitaine (Paris). &#8211; PERROY Alain, Directeur de l&#8217;Environnement, Rh\u00f4ne Poulenc (Paris). &#8211; RENARD Vincent, Directeur de recherche au Laboratoire d&#8217;Econom\u00e9trie de l&#8217;Ecole Polytechnique (Paris). &#8211; REYNIS Bernard, Conseil Sup\u00e9rieur du Notariat (Paris) &#8211; ROBERT Jacques, Professeur de Droit (Paris) &#8211; SAGLIO Jean Fran\u00e7ois, Ing\u00e9nieur G\u00e9n\u00e9rale de Mines (Paris). &#8211; SAINTENY Guillaume, Consultant (Paris). &#8211; SALIN Pascal, professeur de sciences \u00e9conomiques (Paris). &#8211; SCARLETT Lynn, Vice-pr\u00e9sident, Reason Foundation (Los Angeles). &#8211; SMITH Fred, Pr\u00e9sident du Competitve Enterprise Institute (Washington). &#8211; SORMAN Guy, Journaliste (Paris). &#8211; VIARD Daniel, Directeur technique du Conseil Sup\u00e9rieur de la P\u00eache (Paris) &#8211; .WILLIAMSON Robert, Inspecteur g\u00e9n\u00e9ral des P\u00eaches (Edinburgh). &#8211; YANDLE Bruce, Professeur d&#8217;\u00e9conomie \u00e0 l&#8217;Universit\u00e9 de Clemson (Caroline du Nord).<br \/>\n<\/div><\/div>\n<p>&nbsp;<\/p>\n","protected":false},"excerpt":{"rendered":"<p>ICREI at glance The The International Center for Research on Environmental Issues (ICREI pour\u00a0l&#8217;International Center for Research on Environmental Issues)\u00a0 was set up in Paris (1992) under the leadership of Alain Madelin and Henri Lepage by a group of French economists and lawyers who, in conjunction with foreign colleagues, aimed to spread publications and conduct <a href=\"https:\/\/www.icrei.fr\/en\/about_us\/\" rel=\"nofollow\"><span class=\"sr-only\">Read more about About us<\/span>[&hellip;]<\/a><\/p>\n","protected":false},"author":1,"featured_media":0,"parent":0,"menu_order":0,"comment_status":"closed","ping_status":"closed","template":"","meta":{"_monsterinsights_skip_tracking":false,"_monsterinsights_sitenote_active":false,"_monsterinsights_sitenote_note":"","_monsterinsights_sitenote_category":0,"footnotes":""},"class_list":["post-12","page","type-page","status-publish","hentry"],"_links":{"self":[{"href":"https:\/\/www.icrei.fr\/en\/wp-json\/wp\/v2\/pages\/12","targetHints":{"allow":["GET"]}}],"collection":[{"href":"https:\/\/www.icrei.fr\/en\/wp-json\/wp\/v2\/pages"}],"about":[{"href":"https:\/\/www.icrei.fr\/en\/wp-json\/wp\/v2\/types\/page"}],"author":[{"embeddable":true,"href":"https:\/\/www.icrei.fr\/en\/wp-json\/wp\/v2\/users\/1"}],"replies":[{"embeddable":true,"href":"https:\/\/www.icrei.fr\/en\/wp-json\/wp\/v2\/comments?post=12"}],"version-history":[{"count":10,"href":"https:\/\/www.icrei.fr\/en\/wp-json\/wp\/v2\/pages\/12\/revisions"}],"predecessor-version":[{"id":608,"href":"https:\/\/www.icrei.fr\/en\/wp-json\/wp\/v2\/pages\/12\/revisions\/608"}],"wp:attachment":[{"href":"https:\/\/www.icrei.fr\/en\/wp-json\/wp\/v2\/media?parent=12"}],"curies":[{"name":"wp","href":"https:\/\/api.w.org\/{rel}","templated":true}]}}