{"id":33,"date":"2016-01-21T14:33:07","date_gmt":"2016-01-21T13:33:07","guid":{"rendered":"http:\/\/www.icrei.fr\/en\/?page_id=33"},"modified":"2016-01-21T19:01:24","modified_gmt":"2016-01-21T18:01:24","slug":"conferences","status":"publish","type":"page","link":"https:\/\/www.icrei.fr\/en\/conferences\/","title":{"rendered":"Conferences"},"content":{"rendered":"<p>Since 1996, the ICREI organizes every two years an international conference exploring the potential and the limits of property rights and economic instruments in relation to a specific aspect of environmental policy. In 1996, the conference discussed <a href=\"http:\/\/www.icrei.fr\/en\/conferences\/conference-1996\/\" target=\"_blank\">general concepts and ethics<\/a> (June 1996). Successive topics included <a href=\"http:\/\/www.icrei.fr\/en\/conferences\/conference-1998\/\" target=\"_blank\">Water<\/a> (July 1998), <a href=\"http:\/\/www.icrei.fr\/en\/conferences\/conference-2000\/\" target=\"_blank\">Marine Resources<\/a> (juin 2000), <a href=\"http:\/\/www.icrei.fr\/en\/conferences\/conference-2002\/\" target=\"_blank\">Coastal Zone<\/a> (juin 2002), <a href=\"http:\/\/www.icrei.fr\/en\/conferences\/conference-2004\/\" target=\"_blank\">Wastes<\/a> (juin 2004), <a href=\"http:\/\/www.icrei.fr\/en\/conferences\/conference-2006\/\" target=\"_blank\">Land Resources<\/a> (juin 2006), <a href=\"http:\/\/www.icrei.fr\/en\/conferences\/conference-2008\/\" target=\"_blank\">Climate change and air pollution<\/a> (2008), <a href=\"http:\/\/www.icrei.fr\/en\/conferences\/conference-2010\/\" target=\"_blank\">Biodiversity<\/a> (juin 2010) et <a href=\"http:\/\/www.icrei.fr\/en\/conferences\/conference-2012\/\" target=\"_blank\">Agriculture and Forestry<\/a> (juin 2012). The proceedings of each bilingual conference have been published by top companies : Dalloz (France), Bruylant (Belgium) and Elsevier (Netherland).<\/p>\n<table>\n<tbody>\n<tr>\n<td><img loading=\"lazy\" decoding=\"async\" class=\"wp-image-205 size-thumbnail alignleft\" src=\"http:\/\/www.icrei.fr\/wp-content\/uploads\/2015\/11\/Actes-2012-150x150.png\" alt=\"Actes-2012\" width=\"150\" height=\"150\" \/>Juin 2012 :\u00a0<em><a href=\"http:\/\/www.icrei.fr\/en\/conferences\/conference-2012\/\" target=\"_blank\">Property rights, economics and environment: Agriculture and forestry<\/a>.<\/em><\/p>\n<p><a href=\"http:\/\/fr.bruylant.larciergroup.com\/titres\/130002_0_0\/ressources-agricoles-et-forestieres-agriculture-and-forestry.html\" target=\"_blank\">Order the conference proceedings<\/a>.<\/td>\n<\/tr>\n<tr>\n<td><img loading=\"lazy\" decoding=\"async\" class=\"wp-image-205 size-thumbnail alignleft\" src=\"http:\/\/www.icrei.fr\/wp-content\/uploads\/2015\/11\/Actes-2010-150x150.png\" alt=\"Actes-2010\" width=\"150\" height=\"150\" \/>Juin 2010 :\u00a0<em><a href=\"http:\/\/www.icrei.fr\/en\/conferences\/conference-2010\/\" target=\"_blank\">Property Rights, Economics and Environment: Biodiversity<\/a>.<br \/>\n<\/em><a href=\"http:\/\/www.amazon.fr\/Biodiversit\u00e9-Droits-propri\u00e9t\u00e9-\u00e9conomie-environnement\/dp\/2802734539\/ref=sr_1_1?ie=UTF8&amp;qid=1448131528&amp;sr=8-1&amp;keywords=Droit+de+propri\u00e9t\u00e9%2C+\u00e9conomie+et+environnement+biodiversit\u00e9\" target=\"_blank\"><br \/>\nOrder the conference proceedings<\/a>.<\/td>\n<\/tr>\n<tr>\n<td><img loading=\"lazy\" decoding=\"async\" class=\"wp-image-205 size-thumbnail alignleft\" src=\"http:\/\/www.icrei.fr\/wp-content\/uploads\/2015\/11\/Actes-2008-150x150.png\" alt=\"Actes-2008\" width=\"150\" height=\"150\" \/>Juin 2008 :\u00a0<em><a href=\"http:\/\/www.icrei.fr\/en\/conferences\/conference-2008\/\" target=\"_blank\">Property rights, economics and environment : Air pollution and Climate Change<\/a>.<\/em><\/p>\n<p><a href=\"http:\/\/fr.bruylant.larciergroup.com\/titres\/124499_0_0\/changement-climatique-et-pollution-de-l-air-climate-change-and-air-pollution.html\" target=\"_blank\">Order the conference proceedings<\/a>.<\/td>\n<\/tr>\n<tr>\n<td><img loading=\"lazy\" decoding=\"async\" class=\"wp-image-205 size-thumbnail alignleft\" src=\"http:\/\/www.icrei.fr\/wp-content\/uploads\/2015\/11\/Actes-2006-150x150.jpg\" alt=\"Actes-2006\" width=\"150\" height=\"150\" \/>Juin 2006 :\u00a0<em><a href=\"http:\/\/www.icrei.fr\/en\/conferences\/conference-2006\/\" target=\"_blank\">Property rights, economics and environment : Land Resources<\/a>.\u00a0<\/em><\/p>\n<p><a href=\"http:\/\/www.amazon.fr\/ressources-fonci\u00e8res-environnement-internationale-Aix-en-Provence\/dp\/2802724525\/ref=asap_bc?ie=UTF8\" target=\"_blank\">Order the conference proceedings<\/a>.<\/td>\n<\/tr>\n<tr>\n<td>\u00a0<img loading=\"lazy\" decoding=\"async\" class=\"wp-image-205 size-thumbnail alignleft\" src=\"http:\/\/www.icrei.fr\/wp-content\/uploads\/2015\/11\/Actes-2004-150x150.jpg\" alt=\"Actes-2004\" width=\"150\" height=\"150\" \/>Juin 2004 :\u00a0<em><a href=\"http:\/\/www.icrei.fr\/en\/conferences\/conference-2004\/\" target=\"_blank\">Property rights, economics and environment : Wastes<\/a>.\u00a0<\/em><a href=\"http:\/\/www.amazon.fr\/d\u00e9chets-Droits-propri\u00e9t\u00e9-\u00e9conomie-environnement\/dp\/2802721127\/ref=sr_1_1?ie=UTF8&amp;s=books&amp;qid=1247124630&amp;sr=8-1\" target=\"_blank\">Order the conference proceedings<\/a>.<\/td>\n<\/tr>\n<tr>\n<td><img loading=\"lazy\" decoding=\"async\" class=\"wp-image-205 size-thumbnail alignleft\" src=\"http:\/\/www.icrei.fr\/wp-content\/uploads\/2015\/11\/Actes-2002-150x150.jpg\" alt=\"Actes-2002\" width=\"150\" height=\"150\" \/>Juin 2002 :\u00a0<em><a href=\"http:\/\/www.icrei.fr\/en\/conferences\/conference-2002\/\" target=\"_blank\">Property rights, economics and environment : Costal Zones<\/a>.\u00a0<\/em><\/p>\n<p><a href=\"http:\/\/www.amazon.fr\/Droits-propri\u00e9t\u00e9-\u00e9conomie-environnement-Aix-en-Provence\/dp\/2802718746\/ref=asap_bc?ie=UTF8\" target=\"_blank\">Order the conference proceedings<\/a>.<\/td>\n<\/tr>\n<tr>\n<td><img loading=\"lazy\" decoding=\"async\" class=\"wp-image-205 size-thumbnail alignleft\" src=\"http:\/\/www.icrei.fr\/wp-content\/uploads\/2015\/11\/Actes-2000-150x150.jpg\" alt=\"Actes-2006\" width=\"150\" height=\"150\" \/>Juin 2000 :\u00a0<em><a href=\"http:\/\/www.icrei.fr\/en\/conferences\/conference-2000\/\" target=\"_blank\">Property rights, economics and environment : Water Resources<\/a>.\u00a0<\/em><\/p>\n<p><a href=\"http:\/\/www.amazon.fr\/Droits-propri\u00e9t\u00e9-\u00e9conomie-environnement-ressources\/dp\/2247045669\/ref=sr_1_1?ie=UTF8&amp;s=books&amp;qid=1246891264&amp;sr=8-1\" target=\"_blank\">Order the conference proceedings<\/a>.<\/td>\n<\/tr>\n<tr>\n<td><img loading=\"lazy\" decoding=\"async\" class=\"wp-image-186 size-thumbnail alignleft\" src=\"http:\/\/www.icrei.fr\/wp-content\/uploads\/2015\/11\/Actes-1998-150x150.jpg\" alt=\"Actes-1998\" width=\"150\" height=\"150\" \/>Juillet 1998 : <em><a href=\"http:\/\/www.icrei.fr\/en\/conferences\/conference-1998\/\" target=\"_blank\">Property rights, economics and environment: ressources en eau<\/a>.<\/em><\/p>\n<p><a href=\"http:\/\/www.amazon.fr\/ressources-eau-propri%C3%A9t%C3%A9-%C3%A9conomie-environnement\/dp\/2247038190\/ref=asap_bc?ie=UTF8\" target=\"_blank\">Order the conference proceedings<\/a>.<\/td>\n<\/tr>\n<tr>\n<td><a style=\"font-family: inherit; font-size: inherit;\" href=\"http:\/\/www.icrei.fr\/en\/conferences\/conference-1996\/\"><img loading=\"lazy\" decoding=\"async\" class=\"wp-image-183 size-thumbnail alignleft\" src=\"http:\/\/www.icrei.fr\/wp-content\/uploads\/2015\/11\/Actes-1996-150x150.jpg\" alt=\"Actes-1996\" width=\"150\" height=\"150\" \/><\/a>Juin 1996 : <em><a href=\"http:\/\/www.icrei.fr\/en\/conferences\/conference-1996\/\" target=\"_blank\">Property rights, economics and environment: General Concepts and Ethics<\/a>.<\/em><\/p>\n<p><a href=\"http:\/\/www.amazon.fr\/Droits-propri%C3%A9t%C3%A9-environnement-Th%C3%A8mes-commentaires\/dp\/2247029337\/ref=asap_bc?ie=UTF8\" target=\"_blank\">Order the conference proceedings (The book was only available in French.)<\/a><\/p>\n<p>There is one article available in English though:<\/p>\n<p><a href=\"http:\/\/www.icrei.fr\/en\/wp-content\/uploads\/sites\/2\/2016\/01\/Jacobs_1.pdf#First\" target=\"_blank\">Harvey Jacobs : Social Conflict Over Property Rights: Environmental Thought, Environmental Action, and the Uncertain Future of the New Private Property Rights Movement in the U.S. <\/a>.<\/td>\n<\/tr>\n<\/tbody>\n<\/table>\n<p>&nbsp;<\/p>\n<p>&nbsp;<\/p>\n<p>&nbsp;<\/p>\n<p>&nbsp;<\/p>\n<p>&nbsp;<\/p>\n<p>&nbsp;<\/p>\n<p>&nbsp;<\/p>\n<p>&nbsp;<\/p>\n<p>&nbsp;<\/p>\n<p style=\"text-align: left;\">\n","protected":false},"excerpt":{"rendered":"<p>Since 1996, the ICREI organizes every two years an international conference exploring the potential and the limits of property rights and economic instruments in relation to a specific aspect of environmental policy. In 1996, the conference discussed general concepts and ethics (June 1996). Successive topics included Water (July 1998), Marine Resources (juin 2000), Coastal Zone <a href=\"https:\/\/www.icrei.fr\/en\/conferences\/\" rel=\"nofollow\"><span class=\"sr-only\">Read more about Conferences<\/span>[&hellip;]<\/a><\/p>\n","protected":false},"author":1,"featured_media":0,"parent":0,"menu_order":0,"comment_status":"closed","ping_status":"closed","template":"","meta":{"_monsterinsights_skip_tracking":false,"_monsterinsights_sitenote_active":false,"_monsterinsights_sitenote_note":"","_monsterinsights_sitenote_category":0,"footnotes":""},"class_list":["post-33","page","type-page","status-publish","hentry"],"_links":{"self":[{"href":"https:\/\/www.icrei.fr\/en\/wp-json\/wp\/v2\/pages\/33","targetHints":{"allow":["GET"]}}],"collection":[{"href":"https:\/\/www.icrei.fr\/en\/wp-json\/wp\/v2\/pages"}],"about":[{"href":"https:\/\/www.icrei.fr\/en\/wp-json\/wp\/v2\/types\/page"}],"author":[{"embeddable":true,"href":"https:\/\/www.icrei.fr\/en\/wp-json\/wp\/v2\/users\/1"}],"replies":[{"embeddable":true,"href":"https:\/\/www.icrei.fr\/en\/wp-json\/wp\/v2\/comments?post=33"}],"version-history":[{"count":12,"href":"https:\/\/www.icrei.fr\/en\/wp-json\/wp\/v2\/pages\/33\/revisions"}],"predecessor-version":[{"id":67,"href":"https:\/\/www.icrei.fr\/en\/wp-json\/wp\/v2\/pages\/33\/revisions\/67"}],"wp:attachment":[{"href":"https:\/\/www.icrei.fr\/en\/wp-json\/wp\/v2\/media?parent=33"}],"curies":[{"name":"wp","href":"https:\/\/api.w.org\/{rel}","templated":true}]}}