{"id":47,"date":"2016-01-21T16:04:14","date_gmt":"2016-01-21T15:04:14","guid":{"rendered":"http:\/\/www.icrei.fr\/en\/?page_id=47"},"modified":"2016-01-21T18:58:30","modified_gmt":"2016-01-21T17:58:30","slug":"conference-2012","status":"publish","type":"page","link":"https:\/\/www.icrei.fr\/en\/conferences\/conference-2012\/","title":{"rendered":"2012 Conference"},"content":{"rendered":"<p style=\"text-align: center;\"><strong>IXth International Conference<\/strong><\/p>\n<p style=\"text-align: center;\"><strong>Property rights, economics and environment: Agriculture and forestry.<\/strong><br \/>\n<strong> June 2012<\/strong><\/p>\n<p style=\"text-align: center;\"><strong> AIX-EN-PROVENCE, France<\/strong><\/p>\n<div id=\"su_slider_69d743e895329\" class=\"su-slider su-slider-centered su-slider-pages-no su-slider-responsive-no\" style=\"width:700px;height:150px\" data-autoplay=\"3000\" data-speed=\"600\" data-mousewheel=\"false\"><div class=\"su-slider-slides\"><div class=\"su-slider-slide\"><a><img decoding=\"async\" src=\"https:\/\/www.icrei.fr\/en\/wp-content\/uploads\/sites\/2\/2016\/01\/Slider3.jpg\" alt=\"Slider3\" \/><\/a><\/div><div class=\"su-slider-slide\"><a><img decoding=\"async\" src=\"https:\/\/www.icrei.fr\/en\/wp-content\/uploads\/sites\/2\/2016\/01\/slider1.jpg\" alt=\"slider1\" \/><\/a><\/div><\/div><div class=\"su-slider-nav\"><div class=\"su-slider-pagination\"><\/div><\/div><\/div>\n<div class=\"su-tabs su-tabs-style-default su-tabs-mobile-stack su-tabs-vertical\" data-active=\"1\" data-scroll-offset=\"0\" data-anchor-in-url=\"no\"><div class=\"su-tabs-nav\"><span class=\"\" data-url=\"\" data-target=\"blank\" tabindex=\"0\" role=\"button\"><strong>Conference Proceedings<\/strong><\/span><span class=\"\" data-url=\"\" data-target=\"blank\" tabindex=\"0\" role=\"button\"><strong>General Topics<\/strong><\/span><span class=\"\" data-url=\"\" data-target=\"blank\" tabindex=\"0\" role=\"button\"><strong>Program<\/strong><\/span><span class=\"\" data-url=\"\" data-target=\"blank\" tabindex=\"0\" role=\"button\"><strong>Conference Committees<\/strong><\/span><span class=\"\" data-url=\"\" data-target=\"blank\" tabindex=\"0\" role=\"button\"><strong>Associated Institutions<\/strong><\/span><\/div><div class=\"su-tabs-panes\"><div class=\"su-tabs-pane su-u-clearfix su-u-trim\" data-title=\"&lt;strong&gt;Conference Proceedings&lt;\/strong&gt;\">\n<a href=\"http:\/\/fr.bruylant.larciergroup.com\/titres\/130002_0_0\/ressources-agricoles-et-forestieres-agriculture-and-forestry.html\" target=\"_blank\"><img loading=\"lazy\" decoding=\"async\" class=\"aligncenter wp-image-272 size-full\" src=\"http:\/\/www.icrei.fr\/wp-content\/uploads\/2015\/11\/Actes-2012.png\" alt=\"Actes-2012\" width=\"550\" height=\"825\" \/><\/a><br \/>\n<\/div>\n<div class=\"su-tabs-pane su-u-clearfix su-u-trim\" data-title=\"&lt;strong&gt;General Topics&lt;\/strong&gt;\">\n<p>\u201cCommand-and-Control\u201d regulation may have been effective in the 1970s and 1980s, but the limits of the approach have been reached. Accordingly, we must explore new perspectives and take advantage of successful institutions and experiments around the world for Agriculture and Forestry .<br \/>\nThe chief conference challenge is to imagine new political, legal, economic and social institutions that improve environmental and economic performance, protect individual and public liberty<br \/>\nAdapting property rights and markets is an urgent task of paramount importance if we aim both at feeding the world (9 billion expected in 2050) and protect the environment.<br \/>\n<\/div>\n<div class=\"su-tabs-pane su-u-clearfix su-u-trim\" data-title=\"&lt;strong&gt;Program&lt;\/strong&gt;\"> <a href=\"http:\/\/www.icrei.fr\/wp-content\/uploads\/2015\/11\/Programme-2012.pdf\" target=\"_blank\">Download<\/a><\/p>\n<div class=\"su-document su-u-responsive-media-yes\"><iframe loading=\"lazy\" src=\"\/\/docs.google.com\/viewer?embedded=true&url=http:\/\/www.icrei.fr\/wp-content\/uploads\/2015\/11\/Programme-2012.pdf\" width=\"880\" height=\"400\" class=\"su-document\" title=\"\"><\/iframe><\/div>\n<\/div>\n<div class=\"su-tabs-pane su-u-clearfix su-u-trim\" data-title=\"&lt;strong&gt;Conference Committees&lt;\/strong&gt;\">\n<p><strong>Patronage\u00a0<\/strong><\/p>\n<ul>\n<li>Nathalie Kosciusko-Morizet, Ministre de l\u2019Ecologie<\/li>\n<li>Bruno Le Maire, Ministre de l\u2019Agriculture<\/li>\n<li>Elinor Ostrom, Prix Nobel d\u2019Economie<\/li>\n<li>Hernando De Soto , Pr\u00e9sident de Institute for Liberty and Democracy<\/li>\n<li>Alain Madelin, ancien Ministre des Finances<\/li>\n<li>Luc Guyau, Pr\u00e9sident Ind\u00e9pendant du Conseil FAO<\/li>\n<\/ul>\n<p><strong>Members<\/strong><\/p>\n<ul>\n<li>V\u00e9ronique MATHIEU, D\u00e9put\u00e9e au Parlement Europ\u00e9en<\/li>\n<li>Anne Laure NOAT, Pr\u00e9sidente des Ing\u00e9nieurs de l\u2019Agro<\/li>\n<li>Yvon BERLAND, Pr\u00e9sident de l\u2019Universit\u00e9 Paul C\u00e9zanne<\/li>\n<li>J\u00e9r\u00f4me BIGNON, Pr\u00e9sident du Conservatoire du Littoral et Rivages Lacustres<\/li>\n<li>Michel VAUZELLE, Pr\u00e9sident de la R\u00e9gion Alpes Provence C\u00f4te d\u2019Azur<\/li>\n<li>Maryse JOISSAINS-MASINI, Maire d\u2019Aix en Provence<\/li>\n<li>Thierry de l\u2019ESCAILLE, Secr\u00e9taire G\u00e9n\u00e9ral-CEO de European Landowners-ELO Organisation<\/li>\n<li>Laurent KLEIN, Pr\u00e9sident de la Soci\u00e9t\u00e9 des Agriculteurs de France<\/li>\n<li>Yves d\u2019HEROUVILLE, Fondation pour la Chasse et la Nature<br \/>\n<\/div>\n<div class=\"su-tabs-pane su-u-clearfix su-u-trim\" data-title=\"&lt;strong&gt;Associated Institutions&lt;\/strong&gt;\">\nAgence de l\u2019Eau RMC Agro-ParisTech<br \/>\nAix Marseille Universit\u00e9<br \/>\nAustralian National University<br \/>\nCDC Climat Recherche<br \/>\nCentre d\u2019Economie de la Sorbonne CERIC\/CNRS<br \/>\nChasseurs de France<br \/>\nCIRAD<br \/>\nCompetitive Enterprise Institute Conseil R\u00e9gional Provence Alpes Cote d\u2019Azur Conservatoire du Littoral<br \/>\nEcole des Avocats du Sud Est<br \/>\nEnviva<br \/>\nEuropean Landowners Organisation<br \/>\nFondation du Littoral<br \/>\nFondation pour la Chasse et la Nature<br \/>\nFondation RISE<br \/>\nForestiers Priv\u00e9s de France<br \/>\nForterra Land Trust<br \/>\nForum pour le Futur de l\u2019Agriculture<br \/>\nIn Vivo<br \/>\nInstitut Pluridisciplinaire de l\u2019Eau et de l\u2019Environnement -IPEE Institut Turgot<br \/>\nLiberty Institute (New Delhi)<br \/>\nLincoln Institute of Land Policy<br \/>\nLyme Timber Company<br \/>\nMinist\u00e8re de l\u2019Agriculture<br \/>\nMinist\u00e8re de l\u2019Ecologie<br \/>\nMinist\u00e8re de la Culture<br \/>\nOCDE\/OECD<br \/>\nOffice National de la Chasse et de la Faune Sauvage Property and Environment Research Center-PERC RISE Foundation<br \/>\nSciences Po Projet Collectif<br \/>\nSoci\u00e9t\u00e9 des Agriculteurs de France<br \/>\nSoci\u00e9t\u00e9 Fran\u00e7aise pour le Droit de l\u2019Environnement<br \/>\nSylvamed Project, Centre de Recherche Foresti\u00e8re de Catalogne Syngenta<br \/>\nUniversit\u00e9 Autonome de Barcelone<br \/>\nUniversit\u00e9 de Santiago de Compostelle<br \/>\nUniversit\u00e9 de Gand<br \/>\nUniversit\u00e9 Stefan cel Mare Suceava (Roumanie) University of Maryland<br \/>\nUniversity of Wisconsin-Madison<br \/>\nVille d\u2019Aix en Provence et Communaut\u00e9 du Pays d\u2019Aix<br \/>\n<\/div><\/div><\/div><\/li>\n<\/ul>\n","protected":false},"excerpt":{"rendered":"<p>IXth International Conference Property rights, economics and environment: Agriculture and forestry. June 2012 AIX-EN-PROVENCE, France<\/p>\n","protected":false},"author":1,"featured_media":0,"parent":33,"menu_order":0,"comment_status":"closed","ping_status":"closed","template":"","meta":{"_monsterinsights_skip_tracking":false,"_monsterinsights_sitenote_active":false,"_monsterinsights_sitenote_note":"","_monsterinsights_sitenote_category":0,"footnotes":""},"class_list":["post-47","page","type-page","status-publish","hentry"],"_links":{"self":[{"href":"https:\/\/www.icrei.fr\/en\/wp-json\/wp\/v2\/pages\/47","targetHints":{"allow":["GET"]}}],"collection":[{"href":"https:\/\/www.icrei.fr\/en\/wp-json\/wp\/v2\/pages"}],"about":[{"href":"https:\/\/www.icrei.fr\/en\/wp-json\/wp\/v2\/types\/page"}],"author":[{"embeddable":true,"href":"https:\/\/www.icrei.fr\/en\/wp-json\/wp\/v2\/users\/1"}],"replies":[{"embeddable":true,"href":"https:\/\/www.icrei.fr\/en\/wp-json\/wp\/v2\/comments?post=47"}],"version-history":[{"count":5,"href":"https:\/\/www.icrei.fr\/en\/wp-json\/wp\/v2\/pages\/47\/revisions"}],"predecessor-version":[{"id":55,"href":"https:\/\/www.icrei.fr\/en\/wp-json\/wp\/v2\/pages\/47\/revisions\/55"}],"up":[{"embeddable":true,"href":"https:\/\/www.icrei.fr\/en\/wp-json\/wp\/v2\/pages\/33"}],"wp:attachment":[{"href":"https:\/\/www.icrei.fr\/en\/wp-json\/wp\/v2\/media?parent=47"}],"curies":[{"name":"wp","href":"https:\/\/api.w.org\/{rel}","templated":true}]}}