{"id":56,"date":"2016-01-21T17:48:27","date_gmt":"2016-01-21T16:48:27","guid":{"rendered":"http:\/\/www.icrei.fr\/en\/?page_id=56"},"modified":"2016-01-21T17:58:13","modified_gmt":"2016-01-21T16:58:13","slug":"conference-2010","status":"publish","type":"page","link":"https:\/\/www.icrei.fr\/en\/conferences\/conference-2010\/","title":{"rendered":"2010 Conference"},"content":{"rendered":"<p style=\"text-align: center;\"><strong>VIIIth International Conference<\/strong><\/p>\n<p style=\"text-align: center;\"><strong>Property rights, economics and environment:  Biodiversity<\/strong><br \/>\n<strong> June 2010<\/strong><\/p>\n<p style=\"text-align: center;\"><strong> AIX-EN-PROVENCE, France<\/strong><\/p>\n<div id=\"su_slider_69e4a54e095e7\" class=\"su-slider su-slider-centered su-slider-pages-no su-slider-responsive-no\" style=\"width:700px;height:150px\" data-autoplay=\"3000\" data-speed=\"600\" data-mousewheel=\"false\"><div class=\"su-slider-slides\"><div class=\"su-slider-slide\"><a><img decoding=\"async\" src=\"https:\/\/www.icrei.fr\/en\/wp-content\/uploads\/sites\/2\/2016\/01\/Slider3.jpg\" alt=\"Slider3\" \/><\/a><\/div><div class=\"su-slider-slide\"><a><img decoding=\"async\" src=\"https:\/\/www.icrei.fr\/en\/wp-content\/uploads\/sites\/2\/2016\/01\/slider1.jpg\" alt=\"slider1\" \/><\/a><\/div><\/div><div class=\"su-slider-nav\"><div class=\"su-slider-pagination\"><\/div><\/div><\/div>\n<div class=\"su-tabs su-tabs-style-default su-tabs-mobile-stack su-tabs-vertical\" data-active=\"1\" data-scroll-offset=\"0\" data-anchor-in-url=\"no\"><div class=\"su-tabs-nav\"><span class=\"\" data-url=\"\" data-target=\"blank\" tabindex=\"0\" role=\"button\"><strong>Conference Proceedings<\/strong><\/span><span class=\"\" data-url=\"\" data-target=\"blank\" tabindex=\"0\" role=\"button\"><strong>Presentation by M. Falque<\/strong><\/span><span class=\"\" data-url=\"\" data-target=\"blank\" tabindex=\"0\" role=\"button\"><strong>General Topic<\/strong><\/span><span class=\"\" data-url=\"\" data-target=\"blank\" tabindex=\"0\" role=\"button\"><strong>Program<\/strong><\/span><span class=\"\" data-url=\"\" data-target=\"blank\" tabindex=\"0\" role=\"button\"><strong>Conference Committees<\/strong><\/span><span class=\"\" data-url=\"\" data-target=\"blank\" tabindex=\"0\" role=\"button\"><strong>Associated Institutions<\/strong><\/span><\/div><div class=\"su-tabs-panes\"><div class=\"su-tabs-pane su-u-clearfix su-u-trim\" data-title=\"&lt;strong&gt;Conference Proceedings&lt;\/strong&gt;\">\n<a href=\"http:\/\/www.amazon.fr\/Biodiversit\u00e9-Droits-propri\u00e9t\u00e9-\u00e9conomie-environnement\/dp\/2802734539\/ref=sr_1_1?ie=UTF8&amp;qid=1448131528&amp;sr=8-1&amp;keywords=Droit+de+propri\u00e9t\u00e9%2C+\u00e9conomie+et+environnement+biodiversit\u00e9\" target=\"_blank\"><img loading=\"lazy\" decoding=\"async\" class=\"aligncenter wp-image-272 size-full\" src=\"http:\/\/www.icrei.fr\/wp-content\/uploads\/2015\/11\/Actes-2010.png\" alt=\"Actes-2010\" width=\"550\" height=\"825\" \/><\/a><br \/>\n<\/div>\n<div class=\"su-tabs-pane su-u-clearfix su-u-trim\" data-title=\"&lt;strong&gt;Presentation by M. Falque&lt;\/strong&gt;\">\n<iframe loading=\"lazy\" frameborder=\"0\" width=\"480\" height=\"270\" src=\"\/\/www.dailymotion.com\/embed\/video\/xc0rpj\" allowfullscreen><\/iframe><br \/><a href=\"http:\/\/www.dailymotion.com\/video\/xc0rpj_falque-biodiversity-conference_news\" target=\"_blank\">Falque:  biodiversity conference<\/a> <i>par <a href=\"http:\/\/www.dailymotion.com\/The-ICREI\" target=\"_blank\">The-ICREI<\/a><\/i><br \/>\n<\/div>\n<div class=\"su-tabs-pane su-u-clearfix su-u-trim\" data-title=\"&lt;strong&gt;General Topic&lt;\/strong&gt;\">\n<p>Bioversity protection policies mainly rely on a regulatory approach by limiting or controlling human activities in specific areas and by protecting specific species.<br \/>\nAs for the the seven previous meetings the Conference objective is to explore to what extent property rights and economic instruments (taxes, markets for transferable quotas, &#8230;) could play a role as a complement and \/ or alternative to traditional \u201ccommand and control\u201d policies.<br \/>\nBenchmarks from successful biodiversity conservation throughout the world will be presented and discussed.<br \/>\n<\/div>\n<div class=\"su-tabs-pane su-u-clearfix su-u-trim\" data-title=\"&lt;strong&gt;Program&lt;\/strong&gt;\"> <a href=\"http:\/\/www.icrei.fr\/wp-content\/uploads\/2015\/11\/Programme-2010.pdf\" target=\"_blank\">Download<\/a><\/p>\n<div class=\"su-document su-u-responsive-media-yes\"><iframe loading=\"lazy\" src=\"\/\/docs.google.com\/viewer?embedded=true&url=http:\/\/www.icrei.fr\/wp-content\/uploads\/2015\/11\/Programme-2010.pdf\" width=\"880\" height=\"400\" class=\"su-document\" title=\"\"><\/iframe><\/div>\n<\/div>\n<div class=\"su-tabs-pane su-u-clearfix su-u-trim\" data-title=\"&lt;strong&gt;Conference Committees&lt;\/strong&gt;\">\n<p><strong>Patronage<\/strong><\/p>\n<ul>\n<li>S.A.S Prince ALBERT II de MONACO<\/li>\n<li>Jean-Louis BORLOO,\u00a0Ministre de l\u2019Ecologie et du D\u00e9veloppement Durable<\/li>\n<li>Chantal JOUANNO, Secr\u00e9taire d\u2019Etat \u00e0 l\u2019Ecologie<\/li>\n<li>Ladislav MIKO, Commission Europ\u00e9enne Direction G\u00e9n\u00e9rale Environnement<\/li>\n<\/ul>\n<p><strong>Members<\/strong><\/p>\n<ul>\n<li>V\u00e9ronique MATHIEU, d\u00e9put\u00e9e au Parlement Europ\u00e9en<\/li>\n<li>Alain MADELIN, ancien Ministre<\/li>\n<li>Marc PENA Pr\u00e9sident de l\u2019Universit\u00e9 Paul C\u00e9zanne<\/li>\n<li>Jacques PELISSARD Pr\u00e9sident de l\u2019Association des Maires de France<\/li>\n<li>Jean-Claude GAUDIN, S\u00e9nateur-maire de Marseille<\/li>\n<li>J\u00e9r\u00f4me BIGNON, Pr\u00e9sident du Conservatoire du Littoral et Rivages Lacustres<\/li>\n<li>Michel VAUZELLE, Pr\u00e9sident de la R\u00e9gion Alpes Provence C\u00f4te d\u2019Azur<\/li>\n<li>Jean No\u00ebl GUERINI, Pr\u00e9sident Conseil G\u00e9n\u00e9ral des Bouches du Rh\u00f4ne<\/li>\n<li>Maryse JOISSAINS-MASINI, D\u00e9put\u00e9-maire d\u2019Aix en Provence<\/li>\n<li>Thierry de l\u2019ESCAILLE, Secr\u00e9taire G\u00e9n\u00e9ral-CEO de European Landowners\u2019 Organization<\/li>\n<li>Brice LALONDE, ancien ministre<\/li>\n<li>Jean-Damien PO, D\u00e9l\u00e9gu\u00e9 g\u00e9n\u00e9ral de l\u2019Institut de l\u2019Entreprise<\/li>\n<li>Laurent PIERMONT, Pr\u00e9sident de CDC Biodiversit\u00e9<\/li>\n<li>Edouard-Alain BIDAULT, Pr\u00e9sident de la Fondation pour la Pr\u00e9servation des Habitats et de la Faune Sauvage Laurent<\/li>\n<li>KLEIN, Pr\u00e9sident de la Soci\u00e9t\u00e9 des Agriculteurs de France<\/li>\n<li>Anne-Laure NOAT, Pr\u00e9sidente des Ing\u00e9nieurs de l\u2019Agro<\/li>\n<\/ul>\n<\/div>\n<div class=\"su-tabs-pane su-u-clearfix su-u-trim\" data-title=\"&lt;strong&gt;Associated Institutions&lt;\/strong&gt;\">\n<div class=\"page\" title=\"Page 3\">\n<div class=\"section\">\n<div class=\"layoutArea\">\n<div class=\"column\">\n<p>Agence de l\u2019Eau RMC<br \/>\nAGAM &#8211; Marseille<br \/>\nAssociation des Maires de France<br \/>\nAssociation \u00ab Les Ing\u00e9nieurs de l\u2019Agro \u00bb<br \/>\nBelleuropa<br \/>\nBirdLife International<br \/>\nCaisse des D\u00e9p\u00f4ts et Consignation-Biodiversit\u00e9<br \/>\nCentre d\u2019Analyse Strat\u00e9gique<br \/>\nChasseurs de France<br \/>\nCIRAD<br \/>\nColumbia University<br \/>\nCommission Europ\u00e9enne DG Environnement<br \/>\nCommunaut\u00e9 du Pays d\u2019Aix<br \/>\nCompetitive Enterprise Institute<br \/>\nConseil G\u00e9n\u00e9ral des Bouches du Rh\u00f4ne<br \/>\nConservatoire du Littoral et des Rivages Lacustres<br \/>\nConservation Foundation<br \/>\nDouble Check Ranch-PERC<br \/>\nEntreprise pour l\u2019Environnement<br \/>\nEnvironmental Banc and Exchange<br \/>\nEuropean Landowners Organisation<br \/>\nF\u00e9d\u00e9ration des Associations de Chasse et Conservation Faune Sauvage de l\u2019UE Fondation pour la Pr\u00e9servation des Habitats et de la Faune Sauvage Fondation Prince Albert II de Monaco<br \/>\nForest Trend<br \/>\nForestiers Priv\u00e9s de France<br \/>\nHayek Institute<br \/>\nInstitut de l\u2019Entreprise<br \/>\nInternational Association for the Study of Common Property \u2013IASCP International Federation of Surveyors-FIG<br \/>\nIRD<br \/>\nLand Tenure Center<br \/>\nMinist\u00e8re de l\u2019Ecologie et D\u00e9veloppement Durable<br \/>\nNelson Institute for Environmental Studies<br \/>\nNew Forests Inc.<br \/>\nOCDE \/ OECD (Paris)<br \/>\nOffice National de la Chasse et de la Faune Sauvage<br \/>\nOffice de la Mer de Marseille<br \/>\nParc National des Calanques (futur)<br \/>\nR\u00e9gion Provence, Alpes, C\u00f4te d\u2019Azur<br \/>\nR\u00e9seau de Transport d\u2019Electricit\u00e9<br \/>\nRivages de France<br \/>\nSave Your World<br \/>\nSoci\u00e9t\u00e9 des Agriculteurs de France (Paris)<br \/>\nSoci\u00e9t\u00e9 Fran\u00e7aise pour le Droit de l\u2019Environnement<br \/>\nUnion pour la M\u00e9diterran\u00e9e<br \/>\nUniversit\u00e9 de Tananarive<br \/>\nUniversit\u00e9 Paul C\u00e9zanne<br \/>\nVEOLIA<br \/>\nVille d\u2019Aix en Provence<br \/>\nVille de Marseille<br \/>\nWildlife Estates Initiative<br \/>\nWorld Conservation Trust<br \/>\n<strong>En association avec Victoire Editions et Projets Collectifs SciencesPo<\/strong><br \/>\n<\/div><\/div><\/div>\n<\/div>\n<\/div>\n<\/div>\n<\/div>\n","protected":false},"excerpt":{"rendered":"<p>VIIIth International Conference Property rights, economics and environment: Biodiversity June 2010 AIX-EN-PROVENCE, France<\/p>\n","protected":false},"author":1,"featured_media":0,"parent":33,"menu_order":0,"comment_status":"closed","ping_status":"closed","template":"","meta":{"_monsterinsights_skip_tracking":false,"_monsterinsights_sitenote_active":false,"_monsterinsights_sitenote_note":"","_monsterinsights_sitenote_category":0,"footnotes":""},"class_list":["post-56","page","type-page","status-publish","hentry"],"_links":{"self":[{"href":"https:\/\/www.icrei.fr\/en\/wp-json\/wp\/v2\/pages\/56","targetHints":{"allow":["GET"]}}],"collection":[{"href":"https:\/\/www.icrei.fr\/en\/wp-json\/wp\/v2\/pages"}],"about":[{"href":"https:\/\/www.icrei.fr\/en\/wp-json\/wp\/v2\/types\/page"}],"author":[{"embeddable":true,"href":"https:\/\/www.icrei.fr\/en\/wp-json\/wp\/v2\/users\/1"}],"replies":[{"embeddable":true,"href":"https:\/\/www.icrei.fr\/en\/wp-json\/wp\/v2\/comments?post=56"}],"version-history":[{"count":6,"href":"https:\/\/www.icrei.fr\/en\/wp-json\/wp\/v2\/pages\/56\/revisions"}],"predecessor-version":[{"id":62,"href":"https:\/\/www.icrei.fr\/en\/wp-json\/wp\/v2\/pages\/56\/revisions\/62"}],"up":[{"embeddable":true,"href":"https:\/\/www.icrei.fr\/en\/wp-json\/wp\/v2\/pages\/33"}],"wp:attachment":[{"href":"https:\/\/www.icrei.fr\/en\/wp-json\/wp\/v2\/media?parent=56"}],"curies":[{"name":"wp","href":"https:\/\/api.w.org\/{rel}","templated":true}]}}