{"id":63,"date":"2016-01-21T18:47:45","date_gmt":"2016-01-21T17:47:45","guid":{"rendered":"http:\/\/www.icrei.fr\/en\/?page_id=63"},"modified":"2016-01-21T18:49:23","modified_gmt":"2016-01-21T17:49:23","slug":"conference-2008","status":"publish","type":"page","link":"https:\/\/www.icrei.fr\/en\/conferences\/conference-2008\/","title":{"rendered":"2008 Conference"},"content":{"rendered":"<p style=\"text-align: center;\"><strong>VIIth International Conference<\/strong><\/p>\n<p style=\"text-align: center;\"><strong>Property rights, economics and environment : Air pollution and Climate Change<\/strong><br \/>\n<strong> June 2008<\/strong><\/p>\n<p style=\"text-align: center;\"><strong> AIX-EN-PROVENCE, France<\/strong><\/p>\n<div id=\"su_slider_69db8fe0b81f2\" class=\"su-slider su-slider-centered su-slider-pages-no su-slider-responsive-no\" style=\"width:700px;height:150px\" data-autoplay=\"3000\" data-speed=\"600\" data-mousewheel=\"false\"><div class=\"su-slider-slides\"><div class=\"su-slider-slide\"><a><img decoding=\"async\" src=\"https:\/\/www.icrei.fr\/en\/wp-content\/uploads\/sites\/2\/2016\/01\/Slider3.jpg\" alt=\"Slider3\" \/><\/a><\/div><div class=\"su-slider-slide\"><a><img decoding=\"async\" src=\"https:\/\/www.icrei.fr\/en\/wp-content\/uploads\/sites\/2\/2016\/01\/slider1.jpg\" alt=\"slider1\" \/><\/a><\/div><\/div><div class=\"su-slider-nav\"><div class=\"su-slider-pagination\"><\/div><\/div><\/div>\n<div class=\"su-tabs su-tabs-style-default su-tabs-mobile-stack su-tabs-vertical\" data-active=\"1\" data-scroll-offset=\"0\" data-anchor-in-url=\"no\"><div class=\"su-tabs-nav\"><span class=\"\" data-url=\"\" data-target=\"blank\" tabindex=\"0\" role=\"button\"><strong>Conference Proceedings<\/strong><\/span><span class=\"\" data-url=\"\" data-target=\"blank\" tabindex=\"0\" role=\"button\"><strong>General Topic<\/strong><\/span><span class=\"\" data-url=\"\" data-target=\"blank\" tabindex=\"0\" role=\"button\"><strong>Program<\/strong><\/span><span class=\"\" data-url=\"\" data-target=\"blank\" tabindex=\"0\" role=\"button\"><strong>Patronage committee<\/strong><\/span><span class=\"\" data-url=\"\" data-target=\"blank\" tabindex=\"0\" role=\"button\"><strong>Associated Institutions<\/strong><\/span><\/div><div class=\"su-tabs-panes\"><div class=\"su-tabs-pane su-u-clearfix su-u-trim\" data-title=\"&lt;strong&gt;Conference Proceedings&lt;\/strong&gt;\">\n<a href=\"http:\/\/fr.bruylant.larciergroup.com\/titres\/124499_0_0\/changement-climatique-et-pollution-de-l-air-climate-change-and-air-pollution.html\" target=\"_blank\"><img loading=\"lazy\" decoding=\"async\" class=\"aligncenter wp-image-272 size-full\" src=\"http:\/\/www.icrei.fr\/wp-content\/uploads\/2015\/11\/Actes-2008.png\" alt=\"Actes-2010\" width=\"550\" height=\"825\" \/><\/a><br \/>\n<\/div>\n<div class=\"su-tabs-pane su-u-clearfix su-u-trim\" data-title=\"&lt;strong&gt;General Topic&lt;\/strong&gt;\">\n<p>As with the six past conferences dealing with specific environmental resources our general objective is <strong> to present and evaluate theories,experiments and case studies through the lens of property rights and economic institutions that offer an alternative to \u201ccommand and control\u201d regulation in addressing difficult challenges associated with air pollution and climate change<\/strong>. More specifically we&#8217;ll discuss the rationale and performances of quotas trading for SO2 in the US and CO2 in Europe. <\/p>\n<p>The identification of alternative and\/or complementary strategies are to be conference highlights. Significant attention will be devoted to <strong> mitigation and adaptation <\/strong> activities that can soften the effects of climate change.<\/p>\n<p>Global air pollution and climate change are quite different from other environmental resources challenges, since they are often considered as pure public goods with the following characteristics : <\/p>\n<ul>\n<li>non rivalry: its use by some does not deplete the availability to all,<\/li>\n<\/ul>\n<ul>\n<li>non-excluability: it is impossible to exclude somebody.<\/li>\n<\/ul>\n<p>Indeed, open access resources of this kind are typical of the problem described by Garett Hardin: &#8220;Ruin is the destination toward which all men rush, each pursuing hiw own best interest&#8230;&#8221; (1968)<br \/>\nUntil now, air pollution at the local or regional level has been more or controlled by regulation and\/or common law. It is just in the last decade that air emission problems and climate change have become a pressing global issue.<br \/>\nGlobal climate change is quite different from air pollution: <\/p>\n<ul>\n<li>it is a worldwide problem which needs a strong international cooperation in order to be implemented (Kyoto Protocol, Rio Convention),<\/li>\n<\/ul>\n<ul>\n<li>it is specific relative to inertia, uncertainty and time gap between costs of action and benefit of implementation. This, in turn, means long term public policies and adequate trade offs between present and future generations.<\/li>\n<\/ul>\n<p>The history of climate(s) teaches us that from prehistoric times up to today dramatic changes occurred without any human intervention and wether one agrees or disagrees with its findings, the IPCC February 2007 Report tells us that global warming is and will be a major issue during the present century and that CO2 emission are mainly responsible. <\/p>\n<p>The fundamental issue is to face new hazards without unknown risks: <strong> How can new institutions be introduced that no not hamper the ability of human societies to adapt to new conditions in a framework of liberty? In addressing this issue, conferees will focus on the beneficial role that can be played by markets in communicating scarcity and providing incentives for technological change and economic growth.<\/strong><br \/>\n<\/div>\n<div class=\"su-tabs-pane su-u-clearfix su-u-trim\" data-title=\"&lt;strong&gt;Program&lt;\/strong&gt;\"> <a href=\"http:\/\/www.icrei.fr\/wp-content\/uploads\/2015\/11\/Programme-2008.pdf\" target=\"_blank\">Ouvrir dans une nouvelle fen\u00eatre<\/a><\/p>\n<div class=\"su-document su-u-responsive-media-yes\"><iframe loading=\"lazy\" src=\"\/\/docs.google.com\/viewer?embedded=true&url=http:\/\/www.icrei.fr\/wp-content\/uploads\/2015\/11\/Programme-2008.pdf\" width=\"880\" height=\"400\" class=\"su-document\" title=\"\"><\/iframe><\/div>\n<\/div>\n<div class=\"su-tabs-pane su-u-clearfix su-u-trim\" data-title=\"&lt;strong&gt;Patronage committee&lt;\/strong&gt;\">\n<p><strong>Under the patronage of <\/strong><\/p>\n<ul>\n<li>Jean-Louis BORLOO,\u00a0Ministre de l\u2019Ecologie et du D\u00e9veloppement Durable<\/li>\n<li>Nathalie KOSCIUSKO-MORIZET,\u00a0Secr\u00e9taire d\u2019Etat \u00e0 l\u2019Ecologie<\/li>\n<li>Herv\u00e9 NOVELLI,\u00a0Secr\u00e9taire d\u2019Etat aux Entreprises<\/li>\n<li>Stavros DIMAS,\u00a0Membre de la Commission Europ\u00e9enne<\/li>\n<li>Terry DAVIS,\u00a0Secr\u00e9taire G\u00e9n\u00e9ral du Conseil de l\u2019Europe<\/li>\n<li>Marc PENA,\u00a0Pr\u00e9sident de l\u2019Universit\u00e9 Paul C\u00e9zanne<\/li>\n<li>Jacques PELISSARD,\u00a0Pr\u00e9sident de l\u2019Association des Maires de France<\/li>\n<\/ul>\n<p><strong>Members<\/strong><\/p>\n<ul>\n<li>Alain MADELIN, ancien Ministre<\/li>\n<li>Michel VAUZELLE, Pr\u00e9sident de la R\u00e9gion Alpes Provence C\u00f4te d\u2019Azur<\/li>\n<li>Jean No\u00ebl GUERINI, Pr\u00e9sident Conseil G\u00e9n\u00e9ral des Bouches du Rh\u00f4ne<\/li>\n<li>Maryse JOISSAINS-MASINI, D\u00e9put\u00e9-maire, Pr\u00e9sident de la Communaut\u00e9 du Pays d\u2019Aix en Provence<\/li>\n<li>Thierry de l\u2019ESCAILLE, Secr\u00e9taire G\u00e9n\u00e9ral-CEO de European Landowners\u2019 Organization Christian de PERTHUIS, Caisse des D\u00e9p\u00f4ts et Consignation-Mission Climat<\/li>\n<li>Brice LALONDE, Ambassadeur pour les N\u00e9gociations sur le Changement Climatique Jean-Fran\u00e7ois SAGLIO, Pr\u00e9sident Airparif<\/li>\n<li>Jean-Damien PO, Directeur de l\u2019Institut de l\u2019Entreprise<\/li>\n<li>Bernard BELLETANTE, Directeur G\u00e9n\u00e9ral, Euromed Marseille Ecole de Management<\/li>\n<\/ul>\n<\/div>\n<div class=\"su-tabs-pane su-u-clearfix su-u-trim\" data-title=\"&lt;strong&gt;Associated Institutions&lt;\/strong&gt;\">\nADEME<br \/>\nAgence de l\u2019Eau Rh\u00f4ne-M\u00e9diterra- n\u00e9e-Corse<br \/>\nAgence Internationale pour l\u2019Energie<br \/>\nAmerican Enterprise Institute<br \/>\nAssociation des Maires de France<br \/>\nAssociation for Promoting Research on Carbon Economy -APREC<br \/>\nAssociation Fran\u00e7aise de l\u2019Assurance \u2022 BlueNext<br \/>\nCabinet d\u2019Avocat Boitel<br \/>\nCaisse des D\u00e9p\u00f4ts et Consignations<br \/>\nCanada Public Works<br \/>\nClimate Focus<br \/>\nCNRS-CERIC<br \/>\nCommunaut\u00e9 du Pays d\u2019Aix en Provence<br \/>\nCompetitive Enterprise Institute (Washington)<br \/>\nConseil de l\u2019Europe<br \/>\nConseil G\u00e9n\u00e9rale des Bouches du Rh\u00f4ne<br \/>\nCountry Land and Business Association (G. B.)<br \/>\nDeutsche Bank<br \/>\nEcologie Bleue<br \/>\nEnergie Intelligence<br \/>\nEntreprises pour l\u2019Environnement<br \/>\nEnvironment Probe Canada<br \/>\nEuromed Marseille Ecole de Management<br \/>\nEuropean Landowners Organization-ELO<br \/>\nF\u00e9d\u00e9ration des Automobiles Clubs \u2022 Fondation Nicolas Hulot<br \/>\nForestour<br \/>\nFrance-Action Locale<br \/>\nGaz de France<br \/>\nHayek Institute (Bruxelles)<br \/>\nInstitut de l\u2019Entreprise<br \/>\nInternational Council for Capital Formation<br \/>\nInternational Policy Network (Londres)<br \/>\nInstitut du D\u00e9veloppement Durable et des Relations Internationales (IDDRI)<br \/>\nIstituto Bruno Leoni<br \/>\nKB Intelligence<br \/>\nMEDEF<br \/>\nMinist\u00e8re de la Culture<br \/>\nMinist\u00e8re de l\u2019Ecologie &#8211; MEDAD \u2022 M\u00fcnchen Re<br \/>\nNatixis<br \/>\nOCDE\/OECD (Paris)<br \/>\nOffice National de la Chasse et de la Faune Sauvage<br \/>\nORBEO \/ Rhodia Energy Services<br \/>\nReason Foundation (Los Angeles)<br \/>\nR\u00e9gion Provence Alpes C\u00f4te d\u2019Azur<br \/>\nSoci\u00e9t\u00e9 des Agriculteurs de France-SAF<br \/>\nSoci\u00e9t\u00e9 Fran\u00e7aise pour le Droit de l\u2019Environnement-SFDE<br \/>\nSonatrach-Alg\u00e9rie<br \/>\nUniversidad Valladolid \u2022 Total<br \/>\nV\u00e9olia-Veetra<br \/>\n<\/div><\/div><\/div>\n","protected":false},"excerpt":{"rendered":"<p>VIIth International Conference Property rights, economics and environment : Air pollution and Climate Change June 2008 AIX-EN-PROVENCE, France<\/p>\n","protected":false},"author":1,"featured_media":0,"parent":33,"menu_order":0,"comment_status":"closed","ping_status":"closed","template":"","meta":{"_monsterinsights_skip_tracking":false,"_monsterinsights_sitenote_active":false,"_monsterinsights_sitenote_note":"","_monsterinsights_sitenote_category":0,"footnotes":""},"class_list":["post-63","page","type-page","status-publish","hentry"],"_links":{"self":[{"href":"https:\/\/www.icrei.fr\/en\/wp-json\/wp\/v2\/pages\/63","targetHints":{"allow":["GET"]}}],"collection":[{"href":"https:\/\/www.icrei.fr\/en\/wp-json\/wp\/v2\/pages"}],"about":[{"href":"https:\/\/www.icrei.fr\/en\/wp-json\/wp\/v2\/types\/page"}],"author":[{"embeddable":true,"href":"https:\/\/www.icrei.fr\/en\/wp-json\/wp\/v2\/users\/1"}],"replies":[{"embeddable":true,"href":"https:\/\/www.icrei.fr\/en\/wp-json\/wp\/v2\/comments?post=63"}],"version-history":[{"count":2,"href":"https:\/\/www.icrei.fr\/en\/wp-json\/wp\/v2\/pages\/63\/revisions"}],"predecessor-version":[{"id":66,"href":"https:\/\/www.icrei.fr\/en\/wp-json\/wp\/v2\/pages\/63\/revisions\/66"}],"up":[{"embeddable":true,"href":"https:\/\/www.icrei.fr\/en\/wp-json\/wp\/v2\/pages\/33"}],"wp:attachment":[{"href":"https:\/\/www.icrei.fr\/en\/wp-json\/wp\/v2\/media?parent=63"}],"curies":[{"name":"wp","href":"https:\/\/api.w.org\/{rel}","templated":true}]}}